{"id":1300,"date":"2025-05-02T15:36:55","date_gmt":"2025-05-02T15:36:55","guid":{"rendered":"https:\/\/dinati.com.mx\/?page_id=1300"},"modified":"2025-05-02T20:39:41","modified_gmt":"2025-05-02T20:39:41","slug":"adobe-creative-cloud","status":"publish","type":"page","link":"https:\/\/dinati.com.mx\/es\/adobe-creative-cloud\/","title":{"rendered":"ADOBE Creative Cloud"},"content":{"rendered":"\t\t<div data-elementor-type=\"wp-page\" data-elementor-id=\"1300\" class=\"elementor elementor-1300\" data-elementor-post-type=\"page\">\n\t\t\t\t<div class=\"elementor-element elementor-element-06c3eba e-con-full e-flex e-con e-parent\" data-id=\"06c3eba\" data-element_type=\"container\">\n\t\t<div class=\"elementor-element elementor-element-5a327c0 e-flex e-con-boxed elementor-invisible e-con e-child\" data-id=\"5a327c0\" data-element_type=\"container\" data-settings=\"{&quot;background_background&quot;:&quot;classic&quot;,&quot;animation&quot;:&quot;fadeInUp&quot;}\">\n\t\t\t\t\t<div class=\"e-con-inner\">\n\t\t<div class=\"elementor-element elementor-element-65174a7 e-con-full e-flex e-con e-child\" data-id=\"65174a7\" data-element_type=\"container\">\n\t\t\t\t<\/div>\n\t\t<div class=\"elementor-element elementor-element-32f8001 e-con-full e-flex e-con e-child\" data-id=\"32f8001\" data-element_type=\"container\">\n\t\t\t\t<div class=\"elementor-element elementor-element-5ce01e5 elementor-widget elementor-widget-jkit_animated_text\" data-id=\"5ce01e5\" data-element_type=\"widget\" data-widget_type=\"jkit_animated_text.default\">\n\t\t\t\t<div class=\"elementor-widget-container\">\n\t\t\t\t\t<div  class=\"jeg-elementor-kit jkit-animated-text jeg_module___69da41186d935\"  data-style=\"rotating\" data-text=\"Creative Cloud,El kit definitivo de herramientas creativas\" data-rotate=\"drop-in\" data-delay=\"4501\"><p class=\"animated-text\"><span class=\"normal-text style-color\"><\/span><span class=\"dynamic-wrapper style-color\"><span class=\"dynamic-text\">Creative Cloud<\/span><span class=\"dynamic-text\">El kit definitivo de herramientas creativas<\/span><\/span><span class=\"normal-text style-color\"><\/span><\/p><\/div>\t\t\t\t<\/div>\n\t\t\t\t<\/div>\n\t\t\t\t<\/div>\n\t\t<div class=\"elementor-element elementor-element-61ffe71 e-con-full e-flex e-con e-child\" data-id=\"61ffe71\" data-element_type=\"container\">\n\t\t\t\t<\/div>\n\t\t\t\t\t<\/div>\n\t\t\t\t<\/div>\n\t\t\t\t<\/div>\n\t\t<div class=\"elementor-element elementor-element-93c5106 e-flex e-con-boxed e-con e-parent\" data-id=\"93c5106\" data-element_type=\"container\">\n\t\t\t\t\t<div class=\"e-con-inner\">\n\t\t<div class=\"elementor-element elementor-element-4cd40bc e-flex e-con-boxed e-con e-child\" data-id=\"4cd40bc\" data-element_type=\"container\">\n\t\t\t\t\t<div class=\"e-con-inner\">\n\t\t<div class=\"elementor-element elementor-element-2037bbf e-con-full e-flex e-con e-child\" data-id=\"2037bbf\" data-element_type=\"container\">\n\t\t\t\t<div class=\"elementor-element elementor-element-c513c95 elementor-invisible elementor-widget elementor-widget-heading\" data-id=\"c513c95\" data-element_type=\"widget\" data-settings=\"{&quot;_animation&quot;:&quot;fadeInUp&quot;}\" data-widget_type=\"heading.default\">\n\t\t\t\t<div class=\"elementor-widget-container\">\n\t\t\t\t\t<h6 class=\"elementor-heading-title elementor-size-default\">ADOBE Creative Cloud  <\/h6>\t\t\t\t<\/div>\n\t\t\t\t<\/div>\n\t\t\t\t<div class=\"elementor-element elementor-element-c6113a4 elementor-invisible elementor-widget elementor-widget-jkit_heading\" data-id=\"c6113a4\" data-element_type=\"widget\" data-settings=\"{&quot;_animation&quot;:&quot;fadeInUp&quot;}\" data-widget_type=\"jkit_heading.default\">\n\t\t\t\t<div class=\"elementor-widget-container\">\n\t\t\t\t\t<div  class=\"jeg-elementor-kit jkit-heading  align- align-tablet- align-mobile-center jeg_module__1_69da411870c52\" ><div class=\"heading-section-title  display-inline-block\"><h2 class=\"heading-title\">Para <span class=\"style-color\"><span>Gobierno, Educaci\u00f3n e Iniciativa Privada<\/span><\/span><\/h2><\/div><\/div>\t\t\t\t<\/div>\n\t\t\t\t<\/div>\n\t\t\t\t<div class=\"elementor-element elementor-element-f5ee09e elementor-invisible elementor-widget elementor-widget-text-editor\" data-id=\"f5ee09e\" data-element_type=\"widget\" data-settings=\"{&quot;_animation&quot;:&quot;fadeInUp&quot;}\" data-widget_type=\"text-editor.default\">\n\t\t\t\t<div class=\"elementor-widget-container\">\n\t\t\t\t\t\t\t\t\t<p>Es una colecci\u00f3n de m\u00e1s de 20 aplicaciones y servicios para escritorio y dispositivos m\u00f3viles de fotograf\u00eda, dise\u00f1o, video, web, experiencia de usuario y m\u00e1s. Puedes llevar tus ideas a nuevos lugares con Photoshop en el iPad, dibujar y pintar con Fresco, y dise\u00f1ar para 3D y RA. \u00danete a la comunidad creativa global y crear algo mejor todos juntos.<\/p>\t\t\t\t\t\t\t\t<\/div>\n\t\t\t\t<\/div>\n\t\t\t\t<div class=\"elementor-element elementor-element-323c700 elementor-mobile-align-center elementor-align-left elementor-invisible elementor-widget elementor-widget-button\" data-id=\"323c700\" data-element_type=\"widget\" data-settings=\"{&quot;_animation&quot;:&quot;fadeInUp&quot;}\" data-widget_type=\"button.default\">\n\t\t\t\t<div class=\"elementor-widget-container\">\n\t\t\t\t\t\t\t\t\t<div class=\"elementor-button-wrapper\">\n\t\t\t\t\t<a class=\"elementor-button elementor-button-link elementor-size-sm elementor-animation-grow\" href=\"#app\">\n\t\t\t\t\t\t<span class=\"elementor-button-content-wrapper\">\n\t\t\t\t\t\t<span class=\"elementor-button-icon\">\n\t\t\t\t<i aria-hidden=\"true\" class=\"jki jki-down-arrow1-light\"><\/i>\t\t\t<\/span>\n\t\t\t\t\t\t\t\t\t<span class=\"elementor-button-text\"> Aplicaciones <\/span>\n\t\t\t\t\t<\/span>\n\t\t\t\t\t<\/a>\n\t\t\t\t<\/div>\n\t\t\t\t\t\t\t\t<\/div>\n\t\t\t\t<\/div>\n\t\t\t\t<\/div>\n\t\t<div class=\"elementor-element elementor-element-289577d e-con-full e-flex e-con e-child\" data-id=\"289577d\" data-element_type=\"container\" data-settings=\"{&quot;background_background&quot;:&quot;video&quot;,&quot;background_video_link&quot;:&quot;https:\\\/\\\/www.darco.com.mx\\\/wp-content\\\/uploads\\\/2019\\\/09\\\/adobe_1.mp4&quot;}\">\n\t\t<div class=\"elementor-background-video-container elementor-hidden-mobile\">\n\t\t\t\t\t\t\t<video class=\"elementor-background-video-hosted\" autoplay muted playsinline loop><\/video>\n\t\t\t\t\t<\/div>\t\t<div class=\"elementor-element elementor-element-c14b0be elementor-widget elementor-widget-image\" data-id=\"c14b0be\" data-element_type=\"widget\" data-widget_type=\"image.default\">\n\t\t\t\t<div class=\"elementor-widget-container\">\n\t\t\t\t\t\t\t\t\t\t\t\t\t\t\t<img decoding=\"async\" src=\"https:\/\/www.darco.com.mx\/wp-content\/uploads\/2019\/09\/adobe-1.png\" title=\"\" alt=\"\" loading=\"lazy\" \/>\t\t\t\t\t\t\t\t\t\t\t\t\t\t\t<\/div>\n\t\t\t\t<\/div>\n\t\t\t\t<\/div>\n\t\t\t\t\t<\/div>\n\t\t\t\t<\/div>\n\t\t\t\t\t<\/div>\n\t\t\t\t<\/div>\n\t\t<div class=\"elementor-element elementor-element-2e262f8 e-flex e-con-boxed e-con e-parent\" data-id=\"2e262f8\" data-element_type=\"container\" id=\"app\">\n\t\t\t\t\t<div class=\"e-con-inner\">\n\t\t\t\t<div class=\"elementor-element elementor-element-f39525f elementor-widget elementor-widget-heading\" data-id=\"f39525f\" data-element_type=\"widget\" data-widget_type=\"heading.default\">\n\t\t\t\t<div class=\"elementor-widget-container\">\n\t\t\t\t\t<h2 class=\"elementor-heading-title elementor-size-default\">Aplicaciones de escritorio<\/h2>\t\t\t\t<\/div>\n\t\t\t\t<\/div>\n\t\t\t\t\t<\/div>\n\t\t\t\t<\/div>\n\t\t<div class=\"elementor-element elementor-element-0b4e5a7 e-flex e-con-boxed e-con e-parent\" data-id=\"0b4e5a7\" data-element_type=\"container\">\n\t\t\t\t\t<div class=\"e-con-inner\">\n\t\t<div class=\"elementor-element elementor-element-1e02cf5 e-con-full e-flex e-con e-child\" data-id=\"1e02cf5\" data-element_type=\"container\">\n\t\t\t\t<div class=\"elementor-element elementor-element-71ca2eb elementor-position-left elementor-vertical-align-middle elementor-widget elementor-widget-image-box\" data-id=\"71ca2eb\" data-element_type=\"widget\" data-widget_type=\"image-box.default\">\n\t\t\t\t<div class=\"elementor-widget-container\">\n\t\t\t\t\t<div class=\"elementor-image-box-wrapper\"><figure class=\"elementor-image-box-img\"><img decoding=\"async\" src=\"https:\/\/www.adobe.com\/cc-shared\/assets\/img\/product-icons\/svg\/acrobat-pro.svg\" title=\"\" alt=\"\" loading=\"lazy\" \/><\/figure><div class=\"elementor-image-box-content\"><h3 class=\"elementor-image-box-title\">Adobe Acrobat\u00a0DC\u2122:<\/h3><p class=\"elementor-image-box-description\">Crea, edita y firma documentos y formularios\u202fPDF.<\/p><\/div><\/div>\t\t\t\t<\/div>\n\t\t\t\t<\/div>\n\t\t\t\t<div class=\"elementor-element elementor-element-8cdb24e elementor-position-left elementor-vertical-align-middle elementor-widget elementor-widget-image-box\" data-id=\"8cdb24e\" data-element_type=\"widget\" data-widget_type=\"image-box.default\">\n\t\t\t\t<div class=\"elementor-widget-container\">\n\t\t\t\t\t<div class=\"elementor-image-box-wrapper\"><figure class=\"elementor-image-box-img\"><img decoding=\"async\" src=\"https:\/\/www.adobe.com\/cc-shared\/assets\/img\/product-icons\/svg\/after-effects.svg\" title=\"\" alt=\"\" loading=\"lazy\" \/><\/figure><div class=\"elementor-image-box-content\"><h3 class=\"elementor-image-box-title\">Adobe After\u202fEffects:<\/h3><p class=\"elementor-image-box-description\">Efectos visuales cinematogr\u00e1ficos y gr\u00e1ficos animados.<\/p><\/div><\/div>\t\t\t\t<\/div>\n\t\t\t\t<\/div>\n\t\t\t\t<div class=\"elementor-element elementor-element-8155bec elementor-position-left elementor-vertical-align-middle elementor-widget elementor-widget-image-box\" data-id=\"8155bec\" data-element_type=\"widget\" data-widget_type=\"image-box.default\">\n\t\t\t\t<div class=\"elementor-widget-container\">\n\t\t\t\t\t<div class=\"elementor-image-box-wrapper\"><figure class=\"elementor-image-box-img\"><img decoding=\"async\" src=\"https:\/\/www.adobe.com\/content\/dam\/shared\/images\/product-icons\/svg\/animate.svg\" title=\"\" alt=\"\" loading=\"lazy\" \/><\/figure><div class=\"elementor-image-box-content\"><h3 class=\"elementor-image-box-title\">Adobe Animate: <\/h3><p class=\"elementor-image-box-description\">Animaciones interactivas para varias plataformas.<\/p><\/div><\/div>\t\t\t\t<\/div>\n\t\t\t\t<\/div>\n\t\t\t\t<div class=\"elementor-element elementor-element-9e4d4af elementor-position-left elementor-vertical-align-middle elementor-widget elementor-widget-image-box\" data-id=\"9e4d4af\" data-element_type=\"widget\" data-widget_type=\"image-box.default\">\n\t\t\t\t<div class=\"elementor-widget-container\">\n\t\t\t\t\t<div class=\"elementor-image-box-wrapper\"><figure class=\"elementor-image-box-img\"><img decoding=\"async\" src=\"https:\/\/www.adobe.com\/content\/dam\/shared\/images\/product-icons\/svg\/audition.svg\" title=\"\" alt=\"\" loading=\"lazy\" \/><\/figure><div class=\"elementor-image-box-content\"><h3 class=\"elementor-image-box-title\">Adobe Audition: <\/h3><p class=\"elementor-image-box-description\">Grabaci\u00f3n, mezcla y restauraci\u00f3n de audio.<\/p><\/div><\/div>\t\t\t\t<\/div>\n\t\t\t\t<\/div>\n\t\t\t\t<div class=\"elementor-element elementor-element-35e2736 elementor-position-left elementor-vertical-align-middle elementor-widget elementor-widget-image-box\" data-id=\"35e2736\" data-element_type=\"widget\" data-widget_type=\"image-box.default\">\n\t\t\t\t<div class=\"elementor-widget-container\">\n\t\t\t\t\t<div class=\"elementor-image-box-wrapper\"><figure class=\"elementor-image-box-img\"><img decoding=\"async\" src=\"https:\/\/www.adobe.com\/content\/dam\/shared\/images\/product-icons\/svg\/bridge.svg\" title=\"\" alt=\"\" loading=\"lazy\" \/><\/figure><div class=\"elementor-image-box-content\"><h3 class=\"elementor-image-box-title\">Adobe Bridge: <\/h3><p class=\"elementor-image-box-description\"> Centralizaci\u00f3n de activos creativos.<\/p><\/div><\/div>\t\t\t\t<\/div>\n\t\t\t\t<\/div>\n\t\t\t\t<div class=\"elementor-element elementor-element-fecbb26 elementor-position-left elementor-vertical-align-middle elementor-widget elementor-widget-image-box\" data-id=\"fecbb26\" data-element_type=\"widget\" data-widget_type=\"image-box.default\">\n\t\t\t\t<div class=\"elementor-widget-container\">\n\t\t\t\t\t<div class=\"elementor-image-box-wrapper\"><figure class=\"elementor-image-box-img\"><img decoding=\"async\" src=\"https:\/\/www.adobe.com\/content\/dam\/shared\/images\/product-icons\/svg\/character-animator.svg\" title=\"\" alt=\"\" loading=\"lazy\" \/><\/figure><div class=\"elementor-image-box-content\"><h3 class=\"elementor-image-box-title\">Adobe Character\u202fAnimator: <\/h3><p class=\"elementor-image-box-description\"> Animaciones en tiempo real.<\/p><\/div><\/div>\t\t\t\t<\/div>\n\t\t\t\t<\/div>\n\t\t\t\t<div class=\"elementor-element elementor-element-649b5d2 elementor-position-left elementor-vertical-align-middle elementor-widget elementor-widget-image-box\" data-id=\"649b5d2\" data-element_type=\"widget\" data-widget_type=\"image-box.default\">\n\t\t\t\t<div class=\"elementor-widget-container\">\n\t\t\t\t\t<div class=\"elementor-image-box-wrapper\"><figure class=\"elementor-image-box-img\"><img decoding=\"async\" src=\"https:\/\/www.adobe.com\/content\/dam\/shared\/images\/product-icons\/svg\/cc-express.svg\" title=\"\" alt=\"\" loading=\"lazy\" \/><\/figure><div class=\"elementor-image-box-content\"><h3 class=\"elementor-image-box-title\">Adobe Express:<\/h3><p class=\"elementor-image-box-description\">Elabora folletos, videos de TikTok, curr\u00edculums y m\u00e1s a partir de miles de plantillas con la aplicaci\u00f3n integral para crear contenido.<\/p><\/div><\/div>\t\t\t\t<\/div>\n\t\t\t\t<\/div>\n\t\t\t\t<\/div>\n\t\t<div class=\"elementor-element elementor-element-5eb6c69 e-con-full e-flex e-con e-child\" data-id=\"5eb6c69\" data-element_type=\"container\">\n\t\t\t\t<div class=\"elementor-element elementor-element-46234d9 elementor-position-left elementor-vertical-align-middle elementor-widget elementor-widget-image-box\" data-id=\"46234d9\" data-element_type=\"widget\" data-widget_type=\"image-box.default\">\n\t\t\t\t<div class=\"elementor-widget-container\">\n\t\t\t\t\t<div class=\"elementor-image-box-wrapper\"><figure class=\"elementor-image-box-img\"><img decoding=\"async\" src=\"https:\/\/www.adobe.com\/content\/dam\/shared\/images\/product-icons\/svg\/incopy.svg\" title=\"\" alt=\"\" loading=\"lazy\" \/><\/figure><div class=\"elementor-image-box-content\"><h3 class=\"elementor-image-box-title\">Adobe InCopy: <\/h3><p class=\"elementor-image-box-description\">Colaboraci\u00f3n con redactores y editores.<\/p><\/div><\/div>\t\t\t\t<\/div>\n\t\t\t\t<\/div>\n\t\t\t\t<div class=\"elementor-element elementor-element-280d4da elementor-position-left elementor-vertical-align-middle elementor-widget elementor-widget-image-box\" data-id=\"280d4da\" data-element_type=\"widget\" data-widget_type=\"image-box.default\">\n\t\t\t\t<div class=\"elementor-widget-container\">\n\t\t\t\t\t<div class=\"elementor-image-box-wrapper\"><figure class=\"elementor-image-box-img\"><img decoding=\"async\" src=\"https:\/\/www.adobe.com\/content\/dam\/shared\/images\/product-icons\/svg\/indesign.svg\" title=\"\" alt=\"\" loading=\"lazy\" \/><\/figure><div class=\"elementor-image-box-content\"><h3 class=\"elementor-image-box-title\">Adobe InDesign: <\/h3><p class=\"elementor-image-box-description\">Crea y publica dise\u00f1os elegantes para la publicaci\u00f3n digital e impresa.<\/p><\/div><\/div>\t\t\t\t<\/div>\n\t\t\t\t<\/div>\n\t\t\t\t<div class=\"elementor-element elementor-element-ad144da elementor-position-left elementor-vertical-align-middle elementor-widget elementor-widget-image-box\" data-id=\"ad144da\" data-element_type=\"widget\" data-widget_type=\"image-box.default\">\n\t\t\t\t<div class=\"elementor-widget-container\">\n\t\t\t\t\t<div class=\"elementor-image-box-wrapper\"><figure class=\"elementor-image-box-img\"><img decoding=\"async\" src=\"https:\/\/www.adobe.com\/content\/dam\/shared\/images\/product-icons\/svg\/lightroom.svg\" title=\"\" alt=\"\" loading=\"lazy\" \/><\/figure><div class=\"elementor-image-box-content\"><h3 class=\"elementor-image-box-title\">Adobe Lightroom:<\/h3><p class=\"elementor-image-box-description\">Captura fotos sorprendentes, all\u00e1 donde est\u00e9s.<\/p><\/div><\/div>\t\t\t\t<\/div>\n\t\t\t\t<\/div>\n\t\t\t\t<div class=\"elementor-element elementor-element-c5e751d elementor-position-left elementor-vertical-align-middle elementor-widget elementor-widget-image-box\" data-id=\"c5e751d\" data-element_type=\"widget\" data-widget_type=\"image-box.default\">\n\t\t\t\t<div class=\"elementor-widget-container\">\n\t\t\t\t\t<div class=\"elementor-image-box-wrapper\"><figure class=\"elementor-image-box-img\"><img decoding=\"async\" src=\"https:\/\/www.adobe.com\/content\/dam\/shared\/images\/product-icons\/svg\/lightroom-classic.svg\" title=\"\" alt=\"\" loading=\"lazy\" \/><\/figure><div class=\"elementor-image-box-content\"><h3 class=\"elementor-image-box-title\">Adobe Lightroom\u202fClassic: <\/h3><p class=\"elementor-image-box-description\">Edici\u00f3n de fotos optimizada para escritorio.<\/p><\/div><\/div>\t\t\t\t<\/div>\n\t\t\t\t<\/div>\n\t\t\t\t<div class=\"elementor-element elementor-element-b43c642 elementor-position-left elementor-vertical-align-middle elementor-widget elementor-widget-image-box\" data-id=\"b43c642\" data-element_type=\"widget\" data-widget_type=\"image-box.default\">\n\t\t\t\t<div class=\"elementor-widget-container\">\n\t\t\t\t\t<div class=\"elementor-image-box-wrapper\"><figure class=\"elementor-image-box-img\"><img decoding=\"async\" src=\"https:\/\/www.adobe.com\/content\/dam\/shared\/images\/product-icons\/svg\/photoshop.svg\" title=\"\" alt=\"\" loading=\"lazy\" \/><\/figure><div class=\"elementor-image-box-content\"><h3 class=\"elementor-image-box-title\">Adobe Photoshop: <\/h3><p class=\"elementor-image-box-description\">Crea ilustraciones, fotos y gr\u00e1ficos bonitos en el escritorio o iPad.\n\n<\/p><\/div><\/div>\t\t\t\t<\/div>\n\t\t\t\t<\/div>\n\t\t\t\t<div class=\"elementor-element elementor-element-50439df elementor-position-left elementor-vertical-align-middle elementor-widget elementor-widget-image-box\" data-id=\"50439df\" data-element_type=\"widget\" data-widget_type=\"image-box.default\">\n\t\t\t\t<div class=\"elementor-widget-container\">\n\t\t\t\t\t<div class=\"elementor-image-box-wrapper\"><figure class=\"elementor-image-box-img\"><img decoding=\"async\" src=\"https:\/\/www.adobe.com\/content\/dam\/shared\/images\/product-icons\/svg\/premiere.svg\" title=\"\" alt=\"\" loading=\"lazy\" \/><\/figure><div class=\"elementor-image-box-content\"><h3 class=\"elementor-image-box-title\">Adobe Premiere\u202fPro:<\/h3><p class=\"elementor-image-box-description\">Edici\u00f3n profesional de v\u00eddeo y pel\u00edculas est\u00e1ndar del sector.\n\n\n<\/p><\/div><\/div>\t\t\t\t<\/div>\n\t\t\t\t<\/div>\n\t\t\t\t<div class=\"elementor-element elementor-element-c60ac61 elementor-position-left elementor-vertical-align-middle elementor-widget elementor-widget-image-box\" data-id=\"c60ac61\" data-element_type=\"widget\" data-widget_type=\"image-box.default\">\n\t\t\t\t<div class=\"elementor-widget-container\">\n\t\t\t\t\t<div class=\"elementor-image-box-wrapper\"><figure class=\"elementor-image-box-img\"><img decoding=\"async\" src=\"https:\/\/www.adobe.com\/cc-shared\/assets\/img\/product-icons\/svg\/premiere-rush.svg\" title=\"\" alt=\"\" loading=\"lazy\" \/><\/figure><div class=\"elementor-image-box-content\"><h3 class=\"elementor-image-box-title\">Adobe Premiere\u202fRush:<\/h3><p class=\"elementor-image-box-description\">Crea y comparte v\u00eddeos en l\u00ednea desde cualquier parte.\n<\/p><\/div><\/div>\t\t\t\t<\/div>\n\t\t\t\t<\/div>\n\t\t\t\t<\/div>\n\t\t\t\t\t<\/div>\n\t\t\t\t<\/div>\n\t\t<div class=\"elementor-element elementor-element-d5386bb e-flex e-con-boxed e-con e-parent\" data-id=\"d5386bb\" data-element_type=\"container\">\n\t\t\t\t\t<div class=\"e-con-inner\">\n\t\t\t\t<div class=\"elementor-element elementor-element-f192dac elementor-widget elementor-widget-image\" data-id=\"f192dac\" data-element_type=\"widget\" data-widget_type=\"image.default\">\n\t\t\t\t<div class=\"elementor-widget-container\">\n\t\t\t\t\t\t\t\t\t\t\t\t\t\t\t<img decoding=\"async\" src=\"https:\/\/www.darco.com.mx\/wp-content\/uploads\/2019\/10\/creativecloud-2.png\" title=\"\" alt=\"\" loading=\"lazy\" \/>\t\t\t\t\t\t\t\t\t\t\t\t\t\t\t<\/div>\n\t\t\t\t<\/div>\n\t\t<div class=\"elementor-element elementor-element-10722ce e-con-full e-flex e-con e-child\" data-id=\"10722ce\" data-element_type=\"container\">\n\t\t\t\t<div class=\"elementor-element elementor-element-7784e73 elementor-widget elementor-widget-text-editor\" data-id=\"7784e73\" data-element_type=\"widget\" data-widget_type=\"text-editor.default\">\n\t\t\t\t<div class=\"elementor-widget-container\">\n\t\t\t\t\t\t\t\t\t<p><strong>Como distribuidores autorizados de Adobe, ofrecemos un valor agregado que nos diferencia claramente de la competencia.<\/strong><\/p>\t\t\t\t\t\t\t\t<\/div>\n\t\t\t\t<\/div>\n\t\t\t\t<div class=\"elementor-element elementor-element-0c41ee9 elementor-widget elementor-widget-text-editor\" data-id=\"0c41ee9\" data-element_type=\"widget\" data-widget_type=\"text-editor.default\">\n\t\t\t\t<div class=\"elementor-widget-container\">\n\t\t\t\t\t\t\t\t\t<p>\u00a0No solo brindamos licencias oficiales y soporte directo, sino que tambi\u00e9n acompa\u00f1amos a nuestros clientes en todo el proceso de adopci\u00f3n y optimizaci\u00f3n de las soluciones Adobe.<\/p><p>Nuestro enfoque va m\u00e1s all\u00e1 de la simple venta: incluimos asesor\u00eda personalizada, implementaci\u00f3n guiada, capacitaciones especializadas y soporte t\u00e9cnico local con atenci\u00f3n prioritaria.<\/p>\t\t\t\t\t\t\t\t<\/div>\n\t\t\t\t<\/div>\n\t\t\t\t<\/div>\n\t\t\t\t\t<\/div>\n\t\t\t\t<\/div>\n\t\t<div class=\"elementor-element elementor-element-c7a050a e-flex e-con-boxed e-con e-parent\" data-id=\"c7a050a\" data-element_type=\"container\" data-settings=\"{&quot;background_background&quot;:&quot;classic&quot;}\">\n\t\t\t\t\t<div class=\"e-con-inner\">\n\t\t<div class=\"elementor-element elementor-element-b91f9cf e-con-full e-flex e-con e-child\" data-id=\"b91f9cf\" data-element_type=\"container\">\n\t\t\t\t<\/div>\n\t\t<div class=\"elementor-element elementor-element-e293513 e-con-full e-flex e-con e-child\" data-id=\"e293513\" data-element_type=\"container\">\n\t\t\t\t<div class=\"elementor-element elementor-element-22e2528 elementor-widget elementor-widget-text-editor\" data-id=\"22e2528\" data-element_type=\"widget\" data-widget_type=\"text-editor.default\">\n\t\t\t\t<div class=\"elementor-widget-container\">\n\t\t\t\t\t\t\t\t\t<p>Adem\u00e1s, al trabajar directamente con Adobe, garantizamos a nuestros clientes acceso a promociones exclusivas, actualizaciones inmediatas, cumplimiento legal total y la tranquilidad de estar respaldados por una cadena de suministro confiable.<\/p><p>Nuestro compromiso es que cada inversi\u00f3n en Adobe represente no solo una herramienta, sino una soluci\u00f3n estrat\u00e9gica alineada con los objetivos del negocio.<\/p>\t\t\t\t\t\t\t\t<\/div>\n\t\t\t\t<\/div>\n\t\t\t\t<\/div>\n\t\t\t\t\t<\/div>\n\t\t\t\t<\/div>\n\t\t\t\t<\/div>\n\t\t","protected":false},"excerpt":{"rendered":"<p>Creative CloudEl kit definitivo de herramientas creativas ADOBE Creative Cloud Para Gobierno, Educaci\u00f3n e Iniciativa Privada Es una colecci\u00f3n de m\u00e1s de 20 aplicaciones y servicios para escritorio y dispositivos m\u00f3viles de fotograf\u00eda, dise\u00f1o, video, web, experiencia de usuario y m\u00e1s. Puedes llevar tus ideas a nuevos lugares con Photoshop en el iPad, dibujar y [&hellip;]<\/p>\n","protected":false},"author":8,"featured_media":0,"parent":0,"menu_order":0,"comment_status":"closed","ping_status":"closed","template":"elementor_header_footer","meta":{"footnotes":""},"class_list":["post-1300","page","type-page","status-publish","hentry"],"_links":{"self":[{"href":"https:\/\/dinati.com.mx\/es\/wp-json\/wp\/v2\/pages\/1300","targetHints":{"allow":["GET"]}}],"collection":[{"href":"https:\/\/dinati.com.mx\/es\/wp-json\/wp\/v2\/pages"}],"about":[{"href":"https:\/\/dinati.com.mx\/es\/wp-json\/wp\/v2\/types\/page"}],"author":[{"embeddable":true,"href":"https:\/\/dinati.com.mx\/es\/wp-json\/wp\/v2\/users\/8"}],"replies":[{"embeddable":true,"href":"https:\/\/dinati.com.mx\/es\/wp-json\/wp\/v2\/comments?post=1300"}],"version-history":[{"count":58,"href":"https:\/\/dinati.com.mx\/es\/wp-json\/wp\/v2\/pages\/1300\/revisions"}],"predecessor-version":[{"id":1366,"href":"https:\/\/dinati.com.mx\/es\/wp-json\/wp\/v2\/pages\/1300\/revisions\/1366"}],"wp:attachment":[{"href":"https:\/\/dinati.com.mx\/es\/wp-json\/wp\/v2\/media?parent=1300"}],"curies":[{"name":"wp","href":"https:\/\/api.w.org\/{rel}","templated":true}]}}