{"id":707,"date":"2024-09-30T07:25:52","date_gmt":"2024-09-30T07:25:52","guid":{"rendered":"https:\/\/dinati.com.mx\/?page_id=707"},"modified":"2024-10-17T15:09:49","modified_gmt":"2024-10-17T15:09:49","slug":"socios-hp-amplify","status":"publish","type":"page","link":"http:\/\/dinati.com.mx\/es\/socios-hp-amplify\/","title":{"rendered":"Socios HP Amplify"},"content":{"rendered":"\t\t<div data-elementor-type=\"wp-page\" data-elementor-id=\"707\" class=\"elementor elementor-707\" data-elementor-post-type=\"page\">\n\t\t\t\t<div class=\"elementor-element elementor-element-3b4d8ee e-con-full e-flex e-con e-parent\" data-id=\"3b4d8ee\" data-element_type=\"container\">\n\t\t<div class=\"elementor-element elementor-element-acb73f2 e-flex e-con-boxed elementor-invisible e-con e-child\" data-id=\"acb73f2\" data-element_type=\"container\" data-settings=\"{&quot;background_background&quot;:&quot;classic&quot;,&quot;animation&quot;:&quot;fadeInUp&quot;}\">\n\t\t\t\t\t<div class=\"e-con-inner\">\n\t\t<div class=\"elementor-element elementor-element-444fefa e-con-full e-flex e-con e-child\" data-id=\"444fefa\" data-element_type=\"container\">\n\t\t\t\t<\/div>\n\t\t<div class=\"elementor-element elementor-element-7a93aa9 e-con-full e-flex e-con e-child\" data-id=\"7a93aa9\" data-element_type=\"container\">\n\t\t\t\t<div class=\"elementor-element elementor-element-8f4b2dd elementor-widget elementor-widget-image\" data-id=\"8f4b2dd\" data-element_type=\"widget\" data-widget_type=\"image.default\">\n\t\t\t\t<div class=\"elementor-widget-container\">\n\t\t\t\t\t\t\t\t\t\t\t\t\t\t\t<img fetchpriority=\"high\" decoding=\"async\" width=\"2086\" height=\"2084\" src=\"https:\/\/dinati.com.mx\/wp-content\/uploads\/2024\/09\/HP-amplify.webp\" class=\"attachment-full size-full wp-image-714\" alt=\"\" srcset=\"https:\/\/dinati.com.mx\/wp-content\/uploads\/2024\/09\/HP-amplify.webp 2086w, https:\/\/dinati.com.mx\/wp-content\/uploads\/2024\/09\/HP-amplify-300x300.webp 300w, https:\/\/dinati.com.mx\/wp-content\/uploads\/2024\/09\/HP-amplify-1024x1024.webp 1024w, https:\/\/dinati.com.mx\/wp-content\/uploads\/2024\/09\/HP-amplify-150x150.webp 150w, https:\/\/dinati.com.mx\/wp-content\/uploads\/2024\/09\/HP-amplify-768x767.webp 768w, https:\/\/dinati.com.mx\/wp-content\/uploads\/2024\/09\/HP-amplify-1536x1536.webp 1536w, https:\/\/dinati.com.mx\/wp-content\/uploads\/2024\/09\/HP-amplify-2048x2046.webp 2048w\" sizes=\"(max-width: 2086px) 100vw, 2086px\" \/>\t\t\t\t\t\t\t\t\t\t\t\t\t\t\t<\/div>\n\t\t\t\t<\/div>\n\t\t\t\t<\/div>\n\t\t<div class=\"elementor-element elementor-element-2291505 e-con-full e-flex e-con e-child\" data-id=\"2291505\" data-element_type=\"container\">\n\t\t\t\t<\/div>\n\t\t\t\t\t<\/div>\n\t\t\t\t<\/div>\n\t\t\t\t<\/div>\n\t\t<div class=\"elementor-element elementor-element-9ee50cf e-flex e-con-boxed e-con e-parent\" data-id=\"9ee50cf\" data-element_type=\"container\">\n\t\t\t\t\t<div class=\"e-con-inner\">\n\t\t<div class=\"elementor-element elementor-element-49e90d2 e-flex e-con-boxed e-con e-child\" data-id=\"49e90d2\" data-element_type=\"container\">\n\t\t\t\t\t<div class=\"e-con-inner\">\n\t\t<div class=\"elementor-element elementor-element-d6efba0 e-con-full e-flex e-con e-child\" data-id=\"d6efba0\" data-element_type=\"container\">\n\t\t\t\t<div class=\"elementor-element elementor-element-45bfe9b elementor-invisible elementor-widget elementor-widget-heading\" data-id=\"45bfe9b\" data-element_type=\"widget\" data-settings=\"{&quot;_animation&quot;:&quot;fadeInUp&quot;}\" data-widget_type=\"heading.default\">\n\t\t\t\t<div class=\"elementor-widget-container\">\n\t\t\t\t\t<h6 class=\"elementor-heading-title elementor-size-default\">Reutiliza y \nrecicla<\/h6>\t\t\t\t<\/div>\n\t\t\t\t<\/div>\n\t\t\t\t<div class=\"elementor-element elementor-element-4681e5a elementor-invisible elementor-widget elementor-widget-jkit_heading\" data-id=\"4681e5a\" data-element_type=\"widget\" data-settings=\"{&quot;_animation&quot;:&quot;fadeInUp&quot;}\" data-widget_type=\"jkit_heading.default\">\n\t\t\t\t<div class=\"elementor-widget-container\">\n\t\t\t\t\t<div  class=\"jeg-elementor-kit jkit-heading  align- align-tablet- align-mobile-center jeg_module___69da38510a8fe\" ><div class=\"heading-section-title  display-inline-block\"><h2 class=\"heading-title\">\u00bfQu\u00e9 es PROGRAMA <span class=\"style-color\"><span>HP Amplify<\/span><\/span>?<\/h2><\/div><\/div>\t\t\t\t<\/div>\n\t\t\t\t<\/div>\n\t\t\t\t<div class=\"elementor-element elementor-element-dab55a6 elementor-invisible elementor-widget elementor-widget-text-editor\" data-id=\"dab55a6\" data-element_type=\"widget\" data-settings=\"{&quot;_animation&quot;:&quot;fadeInUp&quot;}\" data-widget_type=\"text-editor.default\">\n\t\t\t\t<div class=\"elementor-widget-container\">\n\t\t\t\t\t\t\t\t\t<p>En Din\u00e1mica, estamos emocionados de ser parte del programa HP Planet Partners, reafirmando nuestro compromiso<br \/>con la sostenibilidad y el cuidado del medio ambiente.<\/p><p><br \/>Es una iniciativa global de HP dise\u00f1ada para facilitar el reciclaje de cartuchos de tinta, t\u00f3ner y hardware. A trav\u00e9s de<br \/>este programa, trabajamos juntos para reducir la huella de carbono y fomentar la reutilizaci\u00f3n de materiales,<br \/>evitando que miles de toneladas de residuos electr\u00f3nicos terminen en vertederos.<\/p><p><br \/>Nosotros recolectamos los cartuchos de t\u00f3ner usados y los enviamos a HP para su reciclaje.<\/p><p><br \/>Te invitamos a unirte a nosotros en este importante esfuerzo. Cuando compras productos HP en Din\u00e1mica del<br \/>Centro, puedes devolver tus cartuchos para su reciclaje adecuado. Juntos, podemos hacer una gran diferencia.<\/p>\t\t\t\t\t\t\t\t<\/div>\n\t\t\t\t<\/div>\n\t\t\t\t<\/div>\n\t\t<div class=\"elementor-element elementor-element-9317367 e-con-full e-flex e-con e-child\" data-id=\"9317367\" data-element_type=\"container\">\n\t\t\t\t<div class=\"elementor-element elementor-element-5d362bf elementor-widget elementor-widget-image\" data-id=\"5d362bf\" data-element_type=\"widget\" data-widget_type=\"image.default\">\n\t\t\t\t<div class=\"elementor-widget-container\">\n\t\t\t\t\t\t\t\t\t\t\t\t\t\t\t<img decoding=\"async\" src=\"https:\/\/www.hp.com\/content\/dam\/sites\/worldwide\/corporate\/hp-information\/sustainable-impact\/planet-product-recycling\/planet-product-recycling-redesign\/Group-6764@2x.png\" title=\"\" alt=\"\" loading=\"lazy\" \/>\t\t\t\t\t\t\t\t\t\t\t\t\t\t\t<\/div>\n\t\t\t\t<\/div>\n\t\t\t\t<\/div>\n\t\t\t\t\t<\/div>\n\t\t\t\t<\/div>\n\t\t<div class=\"elementor-element elementor-element-c51919d e-con-full e-flex e-con e-child\" data-id=\"c51919d\" data-element_type=\"container\">\n\t\t<div class=\"elementor-element elementor-element-b7110ce e-con-full e-flex e-con e-child\" data-id=\"b7110ce\" data-element_type=\"container\">\n\t\t\t\t<div class=\"elementor-element elementor-element-da17328 elementor-mobile-align-center elementor-invisible elementor-widget elementor-widget-button\" data-id=\"da17328\" data-element_type=\"widget\" data-settings=\"{&quot;_animation&quot;:&quot;fadeInUp&quot;}\" data-widget_type=\"button.default\">\n\t\t\t\t<div class=\"elementor-widget-container\">\n\t\t\t\t\t\t\t\t\t<div class=\"elementor-button-wrapper\">\n\t\t\t\t\t<a class=\"elementor-button elementor-button-link elementor-size-sm elementor-animation-grow\" href=\"https:\/\/www.hp.com\/mx-es\/sustainable-impact\/planet-product-recycling.html\">\n\t\t\t\t\t\t<span class=\"elementor-button-content-wrapper\">\n\t\t\t\t\t\t\t\t\t<span class=\"elementor-button-text\">Devoluci\u00f3n y reciclaje de productos<\/span>\n\t\t\t\t\t<\/span>\n\t\t\t\t\t<\/a>\n\t\t\t\t<\/div>\n\t\t\t\t\t\t\t\t<\/div>\n\t\t\t\t<\/div>\n\t\t\t\t<\/div>\n\t\t\t\t<\/div>\n\t\t\t\t\t<\/div>\n\t\t\t\t<\/div>\n\t\t\t\t<\/div>\n\t\t","protected":false},"excerpt":{"rendered":"<p>Reutiliza y recicla \u00bfQu\u00e9 es PROGRAMA HP Amplify? En Din\u00e1mica, estamos emocionados de ser parte del programa HP Planet Partners, reafirmando nuestro compromisocon la sostenibilidad y el cuidado del medio ambiente. Es una iniciativa global de HP dise\u00f1ada para facilitar el reciclaje de cartuchos de tinta, t\u00f3ner y hardware. A trav\u00e9s deeste programa, trabajamos juntos [&hellip;]<\/p>\n","protected":false},"author":8,"featured_media":0,"parent":0,"menu_order":0,"comment_status":"closed","ping_status":"closed","template":"elementor_header_footer","meta":{"footnotes":""},"class_list":["post-707","page","type-page","status-publish","hentry"],"_links":{"self":[{"href":"http:\/\/dinati.com.mx\/es\/wp-json\/wp\/v2\/pages\/707","targetHints":{"allow":["GET"]}}],"collection":[{"href":"http:\/\/dinati.com.mx\/es\/wp-json\/wp\/v2\/pages"}],"about":[{"href":"http:\/\/dinati.com.mx\/es\/wp-json\/wp\/v2\/types\/page"}],"author":[{"embeddable":true,"href":"http:\/\/dinati.com.mx\/es\/wp-json\/wp\/v2\/users\/8"}],"replies":[{"embeddable":true,"href":"http:\/\/dinati.com.mx\/es\/wp-json\/wp\/v2\/comments?post=707"}],"version-history":[{"count":40,"href":"http:\/\/dinati.com.mx\/es\/wp-json\/wp\/v2\/pages\/707\/revisions"}],"predecessor-version":[{"id":1048,"href":"http:\/\/dinati.com.mx\/es\/wp-json\/wp\/v2\/pages\/707\/revisions\/1048"}],"wp:attachment":[{"href":"http:\/\/dinati.com.mx\/es\/wp-json\/wp\/v2\/media?parent=707"}],"curies":[{"name":"wp","href":"https:\/\/api.w.org\/{rel}","templated":true}]}}