{"id":691,"date":"2024-09-30T06:59:26","date_gmt":"2024-09-30T06:59:26","guid":{"rendered":"https:\/\/dinati.com.mx\/?page_id=691"},"modified":"2024-10-17T16:13:16","modified_gmt":"2024-10-17T16:13:16","slug":"alucca","status":"publish","type":"page","link":"http:\/\/dinati.com.mx\/es\/alucca\/","title":{"rendered":"ALUCCA"},"content":{"rendered":"\t\t<div data-elementor-type=\"wp-page\" data-elementor-id=\"691\" class=\"elementor elementor-691\" data-elementor-post-type=\"page\">\n\t\t\t\t<div class=\"elementor-element elementor-element-4f20a72 e-con-full e-flex e-con e-parent\" data-id=\"4f20a72\" data-element_type=\"container\">\n\t\t<div class=\"elementor-element elementor-element-119cb3a e-flex e-con-boxed elementor-invisible e-con e-child\" data-id=\"119cb3a\" data-element_type=\"container\" data-settings=\"{&quot;background_background&quot;:&quot;classic&quot;,&quot;animation&quot;:&quot;fadeInUp&quot;}\">\n\t\t\t\t\t<div class=\"e-con-inner\">\n\t\t<div class=\"elementor-element elementor-element-6fee9a6 e-con-full e-flex e-con e-child\" data-id=\"6fee9a6\" data-element_type=\"container\">\n\t\t\t\t<\/div>\n\t\t<div class=\"elementor-element elementor-element-be4db30 e-con-full e-flex e-con e-child\" data-id=\"be4db30\" data-element_type=\"container\">\n\t\t\t\t<div class=\"elementor-element elementor-element-dfb41c6 elementor-widget elementor-widget-image\" data-id=\"dfb41c6\" data-element_type=\"widget\" data-widget_type=\"image.default\">\n\t\t\t\t<div class=\"elementor-widget-container\">\n\t\t\t\t\t\t\t\t\t\t\t\t\t\t\t<img decoding=\"async\" src=\"https:\/\/alucca.org\/wp-content\/uploads\/2022\/11\/Logotipo-sitio-web-alucca-horizontal.png\" title=\"\" alt=\"\" loading=\"lazy\" \/>\t\t\t\t\t\t\t\t\t\t\t\t\t\t\t<\/div>\n\t\t\t\t<\/div>\n\t\t\t\t<\/div>\n\t\t<div class=\"elementor-element elementor-element-74c2582 e-con-full e-flex e-con e-child\" data-id=\"74c2582\" data-element_type=\"container\">\n\t\t\t\t<\/div>\n\t\t\t\t\t<\/div>\n\t\t\t\t<\/div>\n\t\t\t\t<\/div>\n\t\t<div class=\"elementor-element elementor-element-b77a6a3 e-flex e-con-boxed e-con e-parent\" data-id=\"b77a6a3\" data-element_type=\"container\">\n\t\t\t\t\t<div class=\"e-con-inner\">\n\t\t<div class=\"elementor-element elementor-element-200832f e-flex e-con-boxed e-con e-child\" data-id=\"200832f\" data-element_type=\"container\">\n\t\t\t\t\t<div class=\"e-con-inner\">\n\t\t<div class=\"elementor-element elementor-element-f1998ec e-con-full e-flex e-con e-child\" data-id=\"f1998ec\" data-element_type=\"container\">\n\t\t\t\t<div class=\"elementor-element elementor-element-87df40a elementor-invisible elementor-widget elementor-widget-heading\" data-id=\"87df40a\" data-element_type=\"widget\" data-settings=\"{&quot;_animation&quot;:&quot;fadeInUp&quot;}\" data-widget_type=\"heading.default\">\n\t\t\t\t<div class=\"elementor-widget-container\">\n\t\t\t\t\t<h6 class=\"elementor-heading-title elementor-size-default\">Unidos por la Vida | Juntos en la Lucha Contra el C\u00e1ncer Infantil<\/h6>\t\t\t\t<\/div>\n\t\t\t\t<\/div>\n\t\t\t\t<div class=\"elementor-element elementor-element-5b7f8c5 elementor-invisible elementor-widget elementor-widget-jkit_heading\" data-id=\"5b7f8c5\" data-element_type=\"widget\" data-settings=\"{&quot;_animation&quot;:&quot;fadeInUp&quot;}\" data-widget_type=\"jkit_heading.default\">\n\t\t\t\t<div class=\"elementor-widget-container\">\n\t\t\t\t\t<div  class=\"jeg-elementor-kit jkit-heading  align- align-tablet- align-mobile-center jeg_module___69da21afa89be\" ><div class=\"heading-section-title  display-inline-block\"><h2 class=\"heading-title\">\u00bfQu\u00e9 hacemos  en<span class=\"style-color\"><span>ALUCCA, A.C.<\/span><\/span>?<\/h2><\/div><\/div>\t\t\t\t<\/div>\n\t\t\t\t<\/div>\n\t\t\t\t<div class=\"elementor-element elementor-element-e4a9927 elementor-invisible elementor-widget elementor-widget-text-editor\" data-id=\"e4a9927\" data-element_type=\"widget\" data-settings=\"{&quot;_animation&quot;:&quot;fadeInUp&quot;}\" data-widget_type=\"text-editor.default\">\n\t\t\t\t<div class=\"elementor-widget-container\">\n\t\t\t\t\t\t\t\t\t<p>En Din\u00e1mica es nuestro compromiso trabajar de forma constante en programas locales y de impacto social, a trav\u00e9s de asociaciones formales con organizaciones sin \u00e1nimo de lucro que apoyen a la comunidad, con el \u00fanico objetivo de apoyar en programas de educaci\u00f3n y salud.<\/p>\t\t\t\t\t\t\t\t<\/div>\n\t\t\t\t<\/div>\n\t\t\t\t<div class=\"elementor-element elementor-element-9540445 elementor-mobile-align-center elementor-invisible elementor-widget elementor-widget-button\" data-id=\"9540445\" data-element_type=\"widget\" data-settings=\"{&quot;_animation&quot;:&quot;fadeInUp&quot;}\" data-widget_type=\"button.default\">\n\t\t\t\t<div class=\"elementor-widget-container\">\n\t\t\t\t\t\t\t\t\t<div class=\"elementor-button-wrapper\">\n\t\t\t\t\t<a class=\"elementor-button elementor-button-link elementor-size-sm elementor-animation-grow\" href=\"https:\/\/alucca.org\/\">\n\t\t\t\t\t\t<span class=\"elementor-button-content-wrapper\">\n\t\t\t\t\t\t\t\t\t<span class=\"elementor-button-text\">  ASOCIACION DE LUCHA CONTRA EL CANCER EN NI\u00d1OS 2022<\/span>\n\t\t\t\t\t<\/span>\n\t\t\t\t\t<\/a>\n\t\t\t\t<\/div>\n\t\t\t\t\t\t\t\t<\/div>\n\t\t\t\t<\/div>\n\t\t\t\t<\/div>\n\t\t<div class=\"elementor-element elementor-element-a1e9dc4 e-con-full e-flex e-con e-child\" data-id=\"a1e9dc4\" data-element_type=\"container\">\n\t\t\t\t<div class=\"elementor-element elementor-element-508535d elementor-widget elementor-widget-image\" data-id=\"508535d\" data-element_type=\"widget\" data-widget_type=\"image.default\">\n\t\t\t\t<div class=\"elementor-widget-container\">\n\t\t\t\t\t\t\t\t\t\t\t\t\t\t\t<img decoding=\"async\" src=\"https:\/\/alucca.org\/wp-content\/uploads\/2023\/01\/benefactores.jpg\" title=\"\" alt=\"\" loading=\"lazy\" \/>\t\t\t\t\t\t\t\t\t\t\t\t\t\t\t<\/div>\n\t\t\t\t<\/div>\n\t\t\t\t<div class=\"elementor-element elementor-element-b9f6399 elementor-widget elementor-widget-jkit_video_button\" data-id=\"b9f6399\" data-element_type=\"widget\" data-widget_type=\"jkit_video_button.default\">\n\t\t\t\t<div class=\"elementor-widget-container\">\n\t\t\t\t\t<div  class=\"jeg-elementor-kit jkit-video-button jeg_module__1_69da21afaa7be\"  data-autoplay=\"1\" data-loop=\"1\" data-controls=\"0\" data-type=\"self_hosted\" data-mute=\"0\" data-title=\"0\" data-portrait=\"0\" data-byline=\"0\" data-unique-id=\"jkit_video_button_jeg_module__1_69da21afaa7be\"><a href=\"#jkit_video_button_jeg_module__1_69da21afaa7be\" class=\"jkit-video-popup-btn glow-enable\" aria-label=\"video-button\"><span class=\"icon-position-before\"><svg viewBox=\"0 0 512 512\" xmlns=\"http:\/\/www.w3.org\/2000\/svg\"><path d=\"M371.7 238l-176-107c-15.8-8.8-35.7 2.5-35.7 21v208c0 18.4 19.8 29.8 35.7 21l176-101c16.4-9.1 16.4-32.8 0-42zM504 256C504 119 393 8 256 8S8 119 8 256s111 248 248 248 248-111 248-248zm-448 0c0-110.5 89.5-200 200-200s200 89.5 200 200-89.5 200-200 200S56 366.5 56 256z\"><\/path><\/svg><\/span><\/a><template id=\"jkit_video_button_jeg_module__1_69da21afaa7be\" class=\"jkit-video-self-hosted mfp-hide\"><video autoplay  loop  height=1080 width=1920 src=https:\/\/dinati.com.mx\/wp-content\/uploads\/2024\/10\/MVI_7091.mp4 ><\/video><\/template><\/div>\t\t\t\t<\/div>\n\t\t\t\t<\/div>\n\t\t\t\t<\/div>\n\t\t\t\t\t<\/div>\n\t\t\t\t<\/div>\n\t\t\t\t\t<\/div>\n\t\t\t\t<\/div>\n\t\t<div class=\"elementor-element elementor-element-c5d4d96 e-flex e-con-boxed e-con e-parent\" data-id=\"c5d4d96\" data-element_type=\"container\">\n\t\t\t\t\t<div class=\"e-con-inner\">\n\t\t\t\t\t<\/div>\n\t\t\t\t<\/div>\n\t\t\t\t<\/div>\n\t\t","protected":false},"excerpt":{"rendered":"<p>Unidos por la Vida | Juntos en la Lucha Contra el C\u00e1ncer Infantil \u00bfQu\u00e9 hacemos enALUCCA, A.C.? En Din\u00e1mica es nuestro compromiso trabajar de forma constante en programas locales y de impacto social, a trav\u00e9s de asociaciones formales con organizaciones sin \u00e1nimo de lucro que apoyen a la comunidad, con el \u00fanico objetivo de apoyar [&hellip;]<\/p>\n","protected":false},"author":8,"featured_media":0,"parent":0,"menu_order":0,"comment_status":"closed","ping_status":"closed","template":"elementor_header_footer","meta":{"footnotes":""},"class_list":["post-691","page","type-page","status-publish","hentry"],"_links":{"self":[{"href":"http:\/\/dinati.com.mx\/es\/wp-json\/wp\/v2\/pages\/691","targetHints":{"allow":["GET"]}}],"collection":[{"href":"http:\/\/dinati.com.mx\/es\/wp-json\/wp\/v2\/pages"}],"about":[{"href":"http:\/\/dinati.com.mx\/es\/wp-json\/wp\/v2\/types\/page"}],"author":[{"embeddable":true,"href":"http:\/\/dinati.com.mx\/es\/wp-json\/wp\/v2\/users\/8"}],"replies":[{"embeddable":true,"href":"http:\/\/dinati.com.mx\/es\/wp-json\/wp\/v2\/comments?post=691"}],"version-history":[{"count":37,"href":"http:\/\/dinati.com.mx\/es\/wp-json\/wp\/v2\/pages\/691\/revisions"}],"predecessor-version":[{"id":1084,"href":"http:\/\/dinati.com.mx\/es\/wp-json\/wp\/v2\/pages\/691\/revisions\/1084"}],"wp:attachment":[{"href":"http:\/\/dinati.com.mx\/es\/wp-json\/wp\/v2\/media?parent=691"}],"curies":[{"name":"wp","href":"https:\/\/api.w.org\/{rel}","templated":true}]}}