{"id":917,"date":"2024-10-15T05:12:12","date_gmt":"2024-10-15T05:12:12","guid":{"rendered":"https:\/\/dinati.com.mx\/?page_id=917"},"modified":"2024-10-15T17:11:16","modified_gmt":"2024-10-15T17:11:16","slug":"soluciones-financieras","status":"publish","type":"page","link":"http:\/\/dinati.com.mx\/en\/soluciones-financieras\/","title":{"rendered":"Financial Solutions"},"content":{"rendered":"<div data-elementor-type=\"wp-page\" data-elementor-id=\"917\" class=\"elementor elementor-917\" data-elementor-post-type=\"page\">\n\t\t\t\t<div class=\"elementor-element elementor-element-46b82d0 e-con-full e-flex e-con e-parent\" data-id=\"46b82d0\" data-element_type=\"container\">\n\t\t<div class=\"elementor-element elementor-element-63686dd e-flex e-con-boxed e-con e-child\" data-id=\"63686dd\" data-element_type=\"container\" data-settings=\"{&quot;background_background&quot;:&quot;classic&quot;}\">\n\t\t\t\t\t<div class=\"e-con-inner\">\n\t\t<div class=\"elementor-element elementor-element-8244bf4 e-flex e-con-boxed e-con e-child\" data-id=\"8244bf4\" data-element_type=\"container\">\n\t\t\t\t\t<div class=\"e-con-inner\">\n\t\t\t\t<div class=\"elementor-element elementor-element-012ecfc elementor-widget elementor-widget-jkit_heading\" data-id=\"012ecfc\" data-element_type=\"widget\" data-widget_type=\"jkit_heading.default\">\n\t\t\t\t<div class=\"elementor-widget-container\">\n\t\t\t\t\t<div  class=\"jeg-elementor-kit jkit-heading  align-center align-tablet- align-mobile-center jeg_module___69da47b5f0716\" ><div class=\"heading-section-title  display-inline-block\"><h1 class=\"heading-title\"> Solutions: <span class=\"style-color\"><span>Financial<\/span><\/span><\/h1><\/div><\/div>\t\t\t\t<\/div>\n\t\t\t\t<\/div>\n\t\t\t\t\t<\/div>\n\t\t\t\t<\/div>\n\t\t\t\t\t<\/div>\n\t\t\t\t<\/div>\n\t\t\t\t<\/div>\n\t\t<div class=\"elementor-element elementor-element-c71e2c2 e-flex e-con-boxed e-con e-parent\" data-id=\"c71e2c2\" data-element_type=\"container\">\n\t\t\t\t\t<div class=\"e-con-inner\">\n\t\t<div class=\"elementor-element elementor-element-d78b286 e-flex e-con-boxed e-con e-child\" data-id=\"d78b286\" data-element_type=\"container\">\n\t\t\t\t\t<div class=\"e-con-inner\">\n\t\t<div class=\"elementor-element elementor-element-918cfde e-flex e-con-boxed e-con e-child\" data-id=\"918cfde\" data-element_type=\"container\">\n\t\t\t\t\t<div class=\"e-con-inner\">\n\t\t\t\t<div class=\"elementor-element elementor-element-0ebbc23 elementor-widget elementor-widget-spacer\" data-id=\"0ebbc23\" data-element_type=\"widget\" data-widget_type=\"spacer.default\">\n\t\t\t\t<div class=\"elementor-widget-container\">\n\t\t\t\t\t\t\t<div class=\"elementor-spacer\">\n\t\t\t<div class=\"elementor-spacer-inner\"><\/div>\n\t\t<\/div>\n\t\t\t\t\t\t<\/div>\n\t\t\t\t<\/div>\n\t\t\t\t<div class=\"elementor-element elementor-element-8e85302 elementor-invisible elementor-widget elementor-widget-jkit_heading\" data-id=\"8e85302\" data-element_type=\"widget\" data-settings=\"{&quot;_animation&quot;:&quot;fadeInUp&quot;}\" data-widget_type=\"jkit_heading.default\">\n\t\t\t\t<div class=\"elementor-widget-container\">\n\t\t\t\t\t<div  class=\"jeg-elementor-kit jkit-heading  align- align-tablet- align-mobile-center jeg_module__1_69da47b5f0def\" ><div class=\"heading-section-title  display-inline-block\"><h2 class=\"heading-title\">Corporate <span class=\"style-color\"><span> Credit <\/span><\/span> Lines:<\/h2><\/div><\/div>\t\t\t\t<\/div>\n\t\t\t\t<\/div>\n\t\t\t\t<div class=\"elementor-element elementor-element-8a0a361 elementor-invisible elementor-widget elementor-widget-text-editor\" data-id=\"8a0a361\" data-element_type=\"widget\" data-settings=\"{&quot;_animation&quot;:&quot;fadeInUp&quot;}\" data-widget_type=\"text-editor.default\">\n\t\t\t\t<div class=\"elementor-widget-container\">\n\t\t\t\t\t\t\t\t\t<p>We offer flexible financing options to help companies manage their cash flow and meet operational needs.<\/p>\t\t\t\t\t\t\t\t<\/div>\n\t\t\t\t<\/div>\n\t\t\t\t<div class=\"elementor-element elementor-element-e42c05c elementor-widget elementor-widget-image\" data-id=\"e42c05c\" data-element_type=\"widget\" data-widget_type=\"image.default\">\n\t\t\t\t<div class=\"elementor-widget-container\">\n\t\t\t\t\t\t\t\t\t\t\t\t\t\t\t<img fetchpriority=\"high\" decoding=\"async\" width=\"1024\" height=\"576\" src=\"https:\/\/dinati.com.mx\/wp-content\/uploads\/2024\/10\/Recurso-3-2-e1729012267195-1024x576.webp\" class=\"attachment-large size-large wp-image-1013\" alt=\"\" srcset=\"https:\/\/dinati.com.mx\/wp-content\/uploads\/2024\/10\/Recurso-3-2-e1729012267195-1024x576.webp 1024w, https:\/\/dinati.com.mx\/wp-content\/uploads\/2024\/10\/Recurso-3-2-e1729012267195-300x169.webp 300w, https:\/\/dinati.com.mx\/wp-content\/uploads\/2024\/10\/Recurso-3-2-e1729012267195-768x432.webp 768w, https:\/\/dinati.com.mx\/wp-content\/uploads\/2024\/10\/Recurso-3-2-e1729012267195.webp 1384w\" sizes=\"(max-width: 1024px) 100vw, 1024px\" \/>\t\t\t\t\t\t\t\t\t\t\t\t\t\t\t<\/div>\n\t\t\t\t<\/div>\n\t\t\t\t<div class=\"elementor-element elementor-element-2624d24 elementor-widget elementor-widget-spacer\" data-id=\"2624d24\" data-element_type=\"widget\" data-widget_type=\"spacer.default\">\n\t\t\t\t<div class=\"elementor-widget-container\">\n\t\t\t\t\t\t\t<div class=\"elementor-spacer\">\n\t\t\t<div class=\"elementor-spacer-inner\"><\/div>\n\t\t<\/div>\n\t\t\t\t\t\t<\/div>\n\t\t\t\t<\/div>\n\t\t\t\t\t<\/div>\n\t\t\t\t<\/div>\n\t\t<div class=\"elementor-element elementor-element-3eb107d e-con-full e-flex e-con e-child\" data-id=\"3eb107d\" data-element_type=\"container\">\n\t\t\t\t<div class=\"elementor-element elementor-element-a5a6c08 elementor-widget elementor-widget-spacer\" data-id=\"a5a6c08\" data-element_type=\"widget\" data-widget_type=\"spacer.default\">\n\t\t\t\t<div class=\"elementor-widget-container\">\n\t\t\t\t\t\t\t<div class=\"elementor-spacer\">\n\t\t\t<div class=\"elementor-spacer-inner\"><\/div>\n\t\t<\/div>\n\t\t\t\t\t\t<\/div>\n\t\t\t\t<\/div>\n\t\t\t\t<div class=\"elementor-element elementor-element-5e377aa elementor-widget elementor-widget-image\" data-id=\"5e377aa\" data-element_type=\"widget\" data-widget_type=\"image.default\">\n\t\t\t\t<div class=\"elementor-widget-container\">\n\t\t\t\t\t\t\t\t\t\t\t\t\t\t\t<img decoding=\"async\" src=\"https:\/\/propiedades.com\/blog\/wp-content\/uploads\/2023\/11\/Contrato-de-arrendamiento-de-vivienda-sencillo-en-Mexico_1.jpg\" title=\"\" alt=\"\" loading=\"lazy\" \/>\t\t\t\t\t\t\t\t\t\t\t\t\t\t\t<\/div>\n\t\t\t\t<\/div>\n\t\t\t\t<div class=\"elementor-element elementor-element-8b90282 elementor-invisible elementor-widget elementor-widget-jkit_heading\" data-id=\"8b90282\" data-element_type=\"widget\" data-settings=\"{&quot;_animation&quot;:&quot;fadeInUp&quot;}\" data-widget_type=\"jkit_heading.default\">\n\t\t\t\t<div class=\"elementor-widget-container\">\n\t\t\t\t\t<div  class=\"jeg-elementor-kit jkit-heading  align- align-tablet- align-mobile-center jeg_module__2_69da47b5f1af4\" ><div class=\"heading-section-title  display-inline-block\"><h2 class=\"heading-title\">Leasing <span class=\"style-color\"><span>plans:<\/span><\/span><\/h2><\/div><\/div>\t\t\t\t<\/div>\n\t\t\t\t<\/div>\n\t\t\t\t<div class=\"elementor-element elementor-element-eddf558 elementor-invisible elementor-widget elementor-widget-text-editor\" data-id=\"eddf558\" data-element_type=\"widget\" data-settings=\"{&quot;_animation&quot;:&quot;fadeInUp&quot;}\" data-widget_type=\"text-editor.default\">\n\t\t\t\t<div class=\"elementor-widget-container\">\n\t\t\t\t\t\t\t\t\t<p>We have financial and pure leases, as well as financing through Dell and HP leasing companies to facilitate the acquisition of equipment and technology without compromising initial capital.<\/p>\t\t\t\t\t\t\t\t<\/div>\n\t\t\t\t<\/div>\n\t\t\t\t<div class=\"elementor-element elementor-element-40dd824 elementor-widget elementor-widget-spacer\" data-id=\"40dd824\" data-element_type=\"widget\" data-widget_type=\"spacer.default\">\n\t\t\t\t<div class=\"elementor-widget-container\">\n\t\t\t\t\t\t\t<div class=\"elementor-spacer\">\n\t\t\t<div class=\"elementor-spacer-inner\"><\/div>\n\t\t<\/div>\n\t\t\t\t\t\t<\/div>\n\t\t\t\t<\/div>\n\t\t\t\t<\/div>\n\t\t\t\t\t<\/div>\n\t\t\t\t<\/div>\n\t\t\t\t\t<\/div>\n\t\t\t\t<\/div>\n\t\t\t\t<\/div>","protected":false},"excerpt":{"rendered":"<p>Soluciones financieras: L\u00edneas de cr\u00e9ditos corporativos: Ofrecemos opciones de financiamiento flexibles para ayudar a las empresas a gestionar su flujo de caja y cubrir necesidades operativas. Planes de arrendamiento: Disponemos de arrendamientos financieros y puros, as\u00ed como financiamiento a trav\u00e9s de arrendadoras DELL y HP, para facilitar la adquisici\u00f3n de equipos y tecnolog\u00eda sin comprometer [&hellip;]<\/p>","protected":false},"author":8,"featured_media":0,"parent":0,"menu_order":0,"comment_status":"closed","ping_status":"closed","template":"elementor_header_footer","meta":{"footnotes":""},"class_list":["post-917","page","type-page","status-publish","hentry"],"_links":{"self":[{"href":"http:\/\/dinati.com.mx\/en\/wp-json\/wp\/v2\/pages\/917","targetHints":{"allow":["GET"]}}],"collection":[{"href":"http:\/\/dinati.com.mx\/en\/wp-json\/wp\/v2\/pages"}],"about":[{"href":"http:\/\/dinati.com.mx\/en\/wp-json\/wp\/v2\/types\/page"}],"author":[{"embeddable":true,"href":"http:\/\/dinati.com.mx\/en\/wp-json\/wp\/v2\/users\/8"}],"replies":[{"embeddable":true,"href":"http:\/\/dinati.com.mx\/en\/wp-json\/wp\/v2\/comments?post=917"}],"version-history":[{"count":10,"href":"http:\/\/dinati.com.mx\/en\/wp-json\/wp\/v2\/pages\/917\/revisions"}],"predecessor-version":[{"id":1016,"href":"http:\/\/dinati.com.mx\/en\/wp-json\/wp\/v2\/pages\/917\/revisions\/1016"}],"wp:attachment":[{"href":"http:\/\/dinati.com.mx\/en\/wp-json\/wp\/v2\/media?parent=917"}],"curies":[{"name":"wp","href":"https:\/\/api.w.org\/{rel}","templated":true}]}}