{"id":852,"date":"2024-10-14T22:41:23","date_gmt":"2024-10-14T22:41:23","guid":{"rendered":"https:\/\/dinati.com.mx\/?page_id=852"},"modified":"2024-10-15T17:57:42","modified_gmt":"2024-10-15T17:57:42","slug":"unete-a-nuestro-equipo","status":"publish","type":"page","link":"http:\/\/dinati.com.mx\/en\/unete-a-nuestro-equipo\/","title":{"rendered":"Join our team"},"content":{"rendered":"<div data-elementor-type=\"wp-page\" data-elementor-id=\"852\" class=\"elementor elementor-852\" data-elementor-post-type=\"page\">\n\t\t\t\t<div class=\"elementor-element elementor-element-5e90f11 e-con-full e-flex e-con e-parent\" data-id=\"5e90f11\" data-element_type=\"container\">\n\t\t<div class=\"elementor-element elementor-element-30e25d9 e-flex e-con-boxed elementor-invisible e-con e-child\" data-id=\"30e25d9\" data-element_type=\"container\" data-settings=\"{&quot;background_background&quot;:&quot;classic&quot;,&quot;animation&quot;:&quot;fadeInUp&quot;}\">\n\t\t\t\t\t<div class=\"e-con-inner\">\n\t\t<div class=\"elementor-element elementor-element-bac39da e-flex e-con-boxed e-con e-child\" data-id=\"bac39da\" data-element_type=\"container\">\n\t\t\t\t\t<div class=\"e-con-inner\">\n\t\t\t\t<div class=\"elementor-element elementor-element-2755875 elementor-widget elementor-widget-jkit_heading\" data-id=\"2755875\" data-element_type=\"widget\" data-widget_type=\"jkit_heading.default\">\n\t\t\t\t<div class=\"elementor-widget-container\">\n\t\t\t\t\t<div  class=\"jeg-elementor-kit jkit-heading  align-center align-tablet- align-mobile-center jeg_module___69da476dccde8\" ><div class=\"heading-section-title  display-inline-block\"><h1 class=\"heading-title\">\u00a1Be Part of <span class=\"style-color\"><span>Din\u00e1mica!<\/span><\/span><\/h1><\/div><\/div>\t\t\t\t<\/div>\n\t\t\t\t<\/div>\n\t\t\t\t<div class=\"elementor-element elementor-element-f93f2cc elementor-widget elementor-widget-text-editor\" data-id=\"f93f2cc\" data-element_type=\"widget\" data-widget_type=\"text-editor.default\">\n\t\t\t\t<div class=\"elementor-widget-container\">\n\t\t\t\t\t\t\t\t\t<p>Join our team and transform the future with technology.<\/p>\t\t\t\t\t\t\t\t<\/div>\n\t\t\t\t<\/div>\n\t\t\t\t\t<\/div>\n\t\t\t\t<\/div>\n\t\t\t\t\t<\/div>\n\t\t\t\t<\/div>\n\t\t\t\t<\/div>\n\t\t<div class=\"elementor-element elementor-element-46a37c5 e-flex e-con-boxed e-con e-parent\" data-id=\"46a37c5\" data-element_type=\"container\">\n\t\t\t\t\t<div class=\"e-con-inner\">\n\t\t<div class=\"elementor-element elementor-element-693c673 e-flex e-con-boxed e-con e-child\" data-id=\"693c673\" data-element_type=\"container\">\n\t\t\t\t\t<div class=\"e-con-inner\">\n\t\t<div class=\"elementor-element elementor-element-c67fb08 e-con-full e-flex e-con e-child\" data-id=\"c67fb08\" data-element_type=\"container\">\n\t\t\t\t<div class=\"elementor-element elementor-element-7ac87e6 elementor-widget elementor-widget-heading\" data-id=\"7ac87e6\" data-element_type=\"widget\" data-widget_type=\"heading.default\">\n\t\t\t\t<div class=\"elementor-widget-container\">\n\t\t\t\t\t<h6 class=\"elementor-heading-title elementor-size-default\">Be part of our team of innovators<\/h6>\t\t\t\t<\/div>\n\t\t\t\t<\/div>\n\t\t\t\t<div class=\"elementor-element elementor-element-7d29078 elementor-widget elementor-widget-jkit_heading\" data-id=\"7d29078\" data-element_type=\"widget\" data-widget_type=\"jkit_heading.default\">\n\t\t\t\t<div class=\"elementor-widget-container\">\n\t\t\t\t\t<div  class=\"jeg-elementor-kit jkit-heading  align- align-tablet- align-mobile-center jeg_module__1_69da476dcde05\" ><div class=\"heading-section-title  display-inline-block\"><h2 class=\"heading-title\">We want to <span class=\"style-color\"><span>know you<\/span><\/span><\/h2><\/div><\/div>\t\t\t\t<\/div>\n\t\t\t\t<\/div>\n\t\t\t\t<div class=\"elementor-element elementor-element-b96cf97 elementor-widget elementor-widget-text-editor\" data-id=\"b96cf97\" data-element_type=\"widget\" data-widget_type=\"text-editor.default\">\n\t\t\t\t<div class=\"elementor-widget-container\">\n\t\t\t\t\t\t\t\t\t<p>\u00a0At <strong>Din\u00e1mica<\/strong>, we are looking for passionate people for technology who want to grow with us. If you are interested in joining a team that values commitment, innovation and teamwork, fill out the form and we will contact you.<\/p>\t\t\t\t\t\t\t\t<\/div>\n\t\t\t\t<\/div>\n\t\t\t\t<\/div>\n\t\t\t\t\t<\/div>\n\t\t\t\t<\/div>\n\t\t\t\t\t<\/div>\n\t\t\t\t<\/div>\n\t\t\t\t<\/div>","protected":false},"excerpt":{"rendered":"<p>\u00a1S\u00e9 Parte de Din\u00e1mica! \u00danete a nuestro equipo y transforma el futuro con tecnolog\u00eda. Forma parte de nuestro equipo de innovadores Queremos Conocerte \u00a0En Din\u00e1mica, buscamos personas apasionadas por la tecnolog\u00eda que quieran crecer con nosotros. Si te interesa formar parte de un equipo que valora el compromiso, la innovaci\u00f3n y el trabajo en equipo, [&hellip;]<\/p>","protected":false},"author":8,"featured_media":0,"parent":0,"menu_order":0,"comment_status":"closed","ping_status":"closed","template":"elementor_header_footer","meta":{"footnotes":""},"class_list":["post-852","page","type-page","status-publish","hentry"],"_links":{"self":[{"href":"http:\/\/dinati.com.mx\/en\/wp-json\/wp\/v2\/pages\/852","targetHints":{"allow":["GET"]}}],"collection":[{"href":"http:\/\/dinati.com.mx\/en\/wp-json\/wp\/v2\/pages"}],"about":[{"href":"http:\/\/dinati.com.mx\/en\/wp-json\/wp\/v2\/types\/page"}],"author":[{"embeddable":true,"href":"http:\/\/dinati.com.mx\/en\/wp-json\/wp\/v2\/users\/8"}],"replies":[{"embeddable":true,"href":"http:\/\/dinati.com.mx\/en\/wp-json\/wp\/v2\/comments?post=852"}],"version-history":[{"count":10,"href":"http:\/\/dinati.com.mx\/en\/wp-json\/wp\/v2\/pages\/852\/revisions"}],"predecessor-version":[{"id":1027,"href":"http:\/\/dinati.com.mx\/en\/wp-json\/wp\/v2\/pages\/852\/revisions\/1027"}],"wp:attachment":[{"href":"http:\/\/dinati.com.mx\/en\/wp-json\/wp\/v2\/media?parent=852"}],"curies":[{"name":"wp","href":"https:\/\/api.w.org\/{rel}","templated":true}]}}